{"id":77,"date":"2024-02-12T05:19:41","date_gmt":"2024-02-12T05:19:41","guid":{"rendered":"https:\/\/www.wibaso.ch\/wordpress\/?page_id=77"},"modified":"2024-02-12T10:24:03","modified_gmt":"2024-02-12T10:24:03","slug":"widerrufsbelehrung","status":"publish","type":"page","link":"https:\/\/www.wibaso.ch\/wordpress\/widerrufsbelehrung\/","title":{"rendered":"Widerrufsbelehrung"},"content":{"rendered":"<p>[et_pb_section fb_built=&#8221;1&#8243; _builder_version=&#8221;4.16&#8243; _module_preset=&#8221;default&#8221; global_colors_info=&#8221;{}&#8221;][et_pb_row use_custom_gutter=&#8221;on&#8221; gutter_width=&#8221;2&#8243; make_equal=&#8221;on&#8221; _builder_version=&#8221;4.24.0&#8243; _module_preset=&#8221;default&#8221; global_colors_info=&#8221;{}&#8221;][et_pb_column type=&#8221;4_4&#8243; _builder_version=&#8221;4.24.0&#8243; _module_preset=&#8221;default&#8221; global_colors_info=&#8221;{}&#8221;][et_pb_text _builder_version=&#8221;4.24.0&#8243; _module_preset=&#8221;default&#8221; text_font=&#8221;Poppins||||||||&#8221; text_text_color=&#8221;#000000&#8243; link_font=&#8221;Poppins|600|||||||&#8221; link_text_color=&#8221;#0C71C3&#8243; global_colors_info=&#8221;{}&#8221;]<\/p>\n<div class=\"page\" title=\"Page 3\" bis_skin_checked=\"1\">\n<div class=\"layoutArea\" bis_skin_checked=\"1\">\n<div class=\"column\" bis_skin_checked=\"1\">\n<p><strong>Widerrufsbelehrung<\/strong><\/p>\n<p><span>Dem Kunden wird w\u00e4hrend 10 Kalendertagen nach Erhalt der Ware ein Widerrufsrecht gew\u00e4hrt. Die Frist gilt als eingehalten, wenn der Kunde den schriftlichen Widerruf per Email oder Brief (Adresse gem\u00e4ss Impressum) innerhalb der Frist an WiBaSo-Shop abschickt. Der Widerruf bedarf keiner Begr\u00fcndung.<\/span><\/p>\n<p><span>Die Aus\u00fcbung des Widerrufsrechts f\u00fchrt zu einer R\u00fcckabwicklung des Vertrages. Der Kunde muss die Waren innert 10 Kalendertagen originalverpackt, komplett mit allem Zubeh\u00f6r und zusammen mit dem Lieferschein an die von WiBaSo-Shop angegebene R\u00fccksendeadresse im Impressum zur\u00fccksenden. R\u00fccksendungen an WiBaSo-Shop erfolgen auf Rechnung und Gefahr des Kunden. Eine allenfalls bereits geleistete Zahlung wird innerhalb von 20 Kalendertagen an den Kunden zur\u00fcckerstattet, sofern WiBaSo-Shop die Ware bereits zur\u00fcckerhalten hat oder der Kunde einen Versandnachweis erbringen kann.<\/span><\/p>\n<p><span>WiBaSo-Shop beh\u00e4lt sich vor, f\u00fcr Besch\u00e4digungen, \u00fcberm\u00e4ssige Abnutzung oder Wertverlust aufgrund unsachgem\u00e4ssen Umgangs angemessenen Entsch\u00e4digung zu verlangen und die Wertminderung vom bereits bezahlten Kaufpreis abzuziehen oder dem Kunden in Rechnung zu stellen.<\/span><\/p>\n<p><span>In folgenden F\u00e4llen wird kein Widerrufsrecht gew\u00e4hrt:<\/span><\/p>\n<ol>\n<li><span>(i) \u00a0Wenn der Vertrag ein Zufallselement hat, namentlich weil der Preis Schwankungen unterliegt, auf die der Anbieter keinen Einfluss hat;<\/span><\/li>\n<li><span>(ii) \u00a0Wenn der Vertrag eine bewegliche Sache zum Gegenstand hat, die aufgrund ihrer Beschaffenheit nicht f\u00fcr eine R\u00fccksendung geeignet ist oder schnell verderben kann;<\/span><\/li>\n<li><span>(iii) \u00a0Wenn der Vertrag eine bewegliche Sache zum Gegenstand hat, die nach Vorgaben des Kunden angefertigt wird oder eindeutig auf pers\u00f6nliche Bed\u00fcrfnisse zugeschnitten ist;<\/span><\/li>\n<li><span>(iv) \u00a0Wenn der Vertrag digitale Inhalte zum Gegenstand hat und diese Inhalte nicht auf einem festen Datentr\u00e4ger zur Verf\u00fcgung gestellt werden oder wenn der Vertrag von beiden Vertragsparteien sofort vollst\u00e4ndig zu erf\u00fcllen ist;<\/span><\/li>\n<\/ol>\n<\/div>\n<\/div>\n<div class=\"layoutArea\" bis_skin_checked=\"1\">\n<div class=\"column\" bis_skin_checked=\"1\">\n<p><span>file: WiBaSo AGB real.docx 3| 6<\/span><\/p>\n<\/div>\n<\/div>\n<\/div>\n<div class=\"page\" title=\"Page 4\" bis_skin_checked=\"1\">\n<div class=\"layoutArea\" bis_skin_checked=\"1\">\n<div class=\"column\" bis_skin_checked=\"1\">\n<ol start=\"5\">\n<li><span>(v) \u00a0Wenn der Vertrag eine Dienstleistung zum Gegenstand hat und der Vertrag vom Anbieter mit der vorg\u00e4ngigen ausdr\u00fccklichen Zustimmung des Kunden vollst\u00e4ndig zu erf\u00fcllen ist, bevor die Widerrufsfrist abgelaufen ist.<\/span><\/li>\n<li><span>(vi) \u00a0In den Bereichen Unterbringung, Bef\u00f6rderung, Lieferung von Speisen und Getr\u00e4nken sowie Freizeitgestaltung, wenn sich der Anbieter bei Vertragsabschluss verpflichtet, die Dienstleistungen zu einem bestimmten Zeitpunkt oder innerhalb eines genau angegebenen Zeitraums zu erbringen.<\/span><\/li>\n<\/ol>\n<\/div>\n<\/div>\n<\/div>\n<p>[\/et_pb_text][et_pb_button button_url=&#8221;https:\/\/www.wibaso.ch\/wordpress&#8221; button_text=&#8221;Back&#8221; button_alignment=&#8221;center&#8221; _builder_version=&#8221;4.24.0&#8243; _module_preset=&#8221;default&#8221; custom_button=&#8221;on&#8221; button_text_size=&#8221;20px&#8221; button_text_color=&#8221;#FFFFFF&#8221; button_bg_color=&#8221;#000000&#8243; button_border_width=&#8221;1px&#8221; button_border_radius=&#8221;50px&#8221; button_font=&#8221;Poppins||||||||&#8221; button_icon=&#8221;&#x23;||divi||400&#8243; button_icon_placement=&#8221;left&#8221; button_on_hover=&#8221;off&#8221; custom_margin=&#8221;50px||||false|false&#8221; custom_margin_tablet=&#8221;50px||||false|false&#8221; custom_margin_phone=&#8221;50px||||false|false&#8221; custom_margin_last_edited=&#8221;on|desktop&#8221; custom_padding=&#8221;|50px||50px|false|true&#8221; global_colors_info=&#8221;{}&#8221; button_text_color__hover=&#8221;#000000&#8243; button_text_color__hover_enabled=&#8221;on|desktop&#8221; button_bg_color__hover=&#8221;#FFFFFF&#8221; button_bg_color__hover_enabled=&#8221;on|hover&#8221; button_border_width__hover=&#8221;1px&#8221; button_border_width__hover_enabled=&#8221;on|desktop&#8221; button_border_color__hover=&#8221;#000000&#8243; button_border_color__hover_enabled=&#8221;on|hover&#8221;][\/et_pb_button][\/et_pb_column][\/et_pb_row][\/et_pb_section]<\/p>\n","protected":false},"excerpt":{"rendered":"<p>Widerrufsbelehrung Dem Kunden wird w\u00e4hrend 10 Kalendertagen nach Erhalt der Ware ein Widerrufsrecht gew\u00e4hrt. Die Frist gilt als eingehalten, wenn der Kunde den schriftlichen Widerruf per Email oder Brief (Adresse gem\u00e4ss Impressum) innerhalb der Frist an WiBaSo-Shop abschickt. Der Widerruf bedarf keiner Begr\u00fcndung. Die Aus\u00fcbung des Widerrufsrechts f\u00fchrt zu einer R\u00fcckabwicklung des Vertrages. Der Kunde [&hellip;]<\/p>\n","protected":false},"author":1,"featured_media":0,"parent":0,"menu_order":0,"comment_status":"closed","ping_status":"closed","template":"","meta":{"_et_pb_use_builder":"on","_et_pb_old_content":"","_et_gb_content_width":"","footnotes":""},"class_list":["post-77","page","type-page","status-publish","hentry"],"_links":{"self":[{"href":"https:\/\/www.wibaso.ch\/wordpress\/wp-json\/wp\/v2\/pages\/77","targetHints":{"allow":["GET"]}}],"collection":[{"href":"https:\/\/www.wibaso.ch\/wordpress\/wp-json\/wp\/v2\/pages"}],"about":[{"href":"https:\/\/www.wibaso.ch\/wordpress\/wp-json\/wp\/v2\/types\/page"}],"author":[{"embeddable":true,"href":"https:\/\/www.wibaso.ch\/wordpress\/wp-json\/wp\/v2\/users\/1"}],"replies":[{"embeddable":true,"href":"https:\/\/www.wibaso.ch\/wordpress\/wp-json\/wp\/v2\/comments?post=77"}],"version-history":[{"count":4,"href":"https:\/\/www.wibaso.ch\/wordpress\/wp-json\/wp\/v2\/pages\/77\/revisions"}],"predecessor-version":[{"id":218,"href":"https:\/\/www.wibaso.ch\/wordpress\/wp-json\/wp\/v2\/pages\/77\/revisions\/218"}],"wp:attachment":[{"href":"https:\/\/www.wibaso.ch\/wordpress\/wp-json\/wp\/v2\/media?parent=77"}],"curies":[{"name":"wp","href":"https:\/\/api.w.org\/{rel}","templated":true}]}}