{"id":20,"date":"2024-02-10T04:40:41","date_gmt":"2024-02-10T04:40:41","guid":{"rendered":"https:\/\/www.wibaso.ch\/wordpress\/?page_id=20"},"modified":"2024-02-12T10:23:32","modified_gmt":"2024-02-12T10:23:32","slug":"datenschutzerklarung","status":"publish","type":"page","link":"https:\/\/www.wibaso.ch\/wordpress\/datenschutzerklarung\/","title":{"rendered":"Datenschutzerkl\u00e4rung"},"content":{"rendered":"<p>[et_pb_section fb_built=&#8221;1&#8243; _builder_version=&#8221;4.16&#8243; _module_preset=&#8221;default&#8221; global_colors_info=&#8221;{}&#8221;][et_pb_row use_custom_gutter=&#8221;on&#8221; gutter_width=&#8221;2&#8243; make_equal=&#8221;on&#8221; _builder_version=&#8221;4.24.0&#8243; _module_preset=&#8221;default&#8221; global_colors_info=&#8221;{}&#8221;][et_pb_column type=&#8221;4_4&#8243; _builder_version=&#8221;4.24.0&#8243; _module_preset=&#8221;default&#8221; global_colors_info=&#8221;{}&#8221;][et_pb_text _builder_version=&#8221;4.24.0&#8243; _module_preset=&#8221;default&#8221; text_font=&#8221;Poppins||||||||&#8221; text_text_color=&#8221;#000000&#8243; link_font=&#8221;Poppins|600|||||||&#8221; link_text_color=&#8221;#0C71C3&#8243; global_colors_info=&#8221;{}&#8221;]<\/p>\n<div class=\"page\" title=\"Page 1\" bis_skin_checked=\"1\">\n<div class=\"layoutArea\" bis_skin_checked=\"1\">\n<div class=\"column\" bis_skin_checked=\"1\">\n<p><span>Datenschutzbestimmungen von Widmer Bar Solutions<\/span><\/p>\n<p><span>1 Die Sicherheit der Nutzerdaten steht an erster Stelle<\/span><\/p>\n<p><span>WiBaSo-Shop respektiert die Privatsph\u00e4re aller Nutzer der Webseite bzw. des Online-Shops (nachfolgend \u201cder Kunde\u201d bzw. \u201cdie Kunden\u201d genannt). Diese Datenschutzbestimmungen bilden die Grundlage f\u00fcr die Bearbeitung der personenbezogenen Daten und geben Aufschluss, welche Art von Nutzerdaten von Kunden durch WiBaSo-Shop gesammelt werden, wie WiBaSo-Shop diese Daten verwendet und welche Rechte den Kunden zustehen. WiBaSo-Shop h\u00e4lt die geltenden Datenschutzrechte ein und verarbeitet die Personendaten einzig zu den Zwecken, f\u00fcr welche die Daten \u00fcbermittelt wurden.<\/span><\/p>\n<p><span>Diese Datenschutzbestimmungen werden von Zeit zu Zeit angepasst, erg\u00e4nzt oder ge\u00e4ndert. Mit jedem neuen Aufruf oder Besuch der Webseite gilt die jeweils aktuelle, abrufbare Version.<\/span><\/p>\n<p><span>Sollten sich zwischen dieser Datenschutzerkl\u00e4rung und den sonst anwendbaren Vertrags- oder Gesch\u00e4ftsbedingungen von WiBaSo-Shop Widerspr\u00fcche ergeben, so haben die Bestimmungen dieser Datenschutzerkl\u00e4rung Vorrang.<\/span><\/p>\n<p><span>2 Art und Zweck der erfassten Daten<\/span><\/p>\n<p><span>Der Begriff \u201ePersonendaten\u201c oder \u201epersonenbezogene Daten\u201c im Sinne dieser Datenschutzerkl\u00e4rung umfasst Informationen, anhand deren die Kunden pers\u00f6nlich identifiziert werden k\u00f6nnen.<\/span><\/p>\n<p><span>Unter der Bearbeitung von Personendaten versteht man jeden Umgang mit personenbezogenen Daten, wie beispielsweise erfassen, nutzen, speichern, bekannt geben, \u00fcbermitteln oder l\u00f6schen der Daten.<\/span><\/p>\n<p><span>WiBaSo-Shop erfasst einerseits Personendaten automatisch, wenn der Kunde mit der Webseite interagiert oder den Online-Shop nutzt. Anderseits werden Personendaten automatisch oder manuell erfasst, welche ein Kunde zur Verf\u00fcgung stellt (z.B. durch Kontaktaufnahme, Erstellung eines Benutzerprofils bzw. Kundenkontos).<\/span><\/p>\n<p><span>2.1 Daten, die automatisch erfasst werden<\/span><\/p>\n<p><span>Beim Besuch der Webseite von WiBaSo-Shop werden automatisch statistische Besucherdaten dar\u00fcber erhoben, welche Teile des Webangebots vom Kunden besucht werden. Bei jedem Aufruf einer Webseite speichert der Webserver automatisch ein sogenanntes Server-Logfile, das z.B. den Namen der angeforderten Datei, die IP-Adresse des Kunden, Datum und Uhrzeit des Abrufs, verwendeten Browser, Betriebssystem, \u00fcbertragene Datenmenge und den anfragenden Provider (Zugriffsdaten) enth\u00e4lt und den Abruf dokumentiert. In diesem Zusammenhang ist es teilweise erforderlich, dass sogenannte Cookies (vgl. Ziffer 4 unten) zum Einsatz kommen.<\/span><\/p>\n<p><span>Diese Zugriffsdaten werden ausschliesslich zum Zwecke der Sicherstellung eines st\u00f6rungsfreien Betriebs der Seite sowie der Verbesserung unseres Angebots ausgewertet.<\/span><\/p>\n<\/div>\n<\/div>\n<\/div>\n<div class=\"page\" title=\"Page 2\" bis_skin_checked=\"1\">\n<div class=\"layoutArea\" bis_skin_checked=\"1\">\n<div class=\"column\" bis_skin_checked=\"1\">\n<p><span>2.2 Daten, bei Interaktion mit WiBaSo-Shop zur Vertragsabwicklung, Kontaktaufnahme und bei Er\u00f6ffnung eines Kundenkontos<\/span><\/p>\n<p><span>WiBaSo-Shop nimmt keine automatische Sammlung von pers\u00f6nlichen Daten der Kunden, wie z.B. dem Namen, der Anschrift, Telefonnummer oder E-Mail-Adresse, vor.<\/span><\/p>\n<p><span>Hingegen werden personenbezogene Daten von Kunden erhoben, wenn ein Kunde diese im Rahmen einer Bestellung oder bei einer Kontaktaufnahme mit WiBaSo-Shop (z.B. per Kontaktformular oder E-Mail) freiwillig mitteilt. Pflichtfelder werden als solche gekennzeichnet, da WiBaSo-Shop in diesen F\u00e4llen die Daten zwingend zur Vertragsabwicklung, bzw. zur Bearbeitung der Kontaktaufnahme ben\u00f6tigt und ohne deren Angabe die Bestellung bzw. die Kontaktaufnahme nicht versandt werden kann. Welche Daten erhoben werden, ist aus den jeweiligen Eingabeformularen ersichtlich.<\/span><\/p>\n<p><span>Wenn ein Kunde f\u00fcr die Er\u00f6ffnung eines Kundenkontos entscheidet, verwendet WiBaSo-Shop die personenbezogenen Daten zum Zwecke der Kundenkontoer\u00f6ffnung. Die bei der Registrierung abgefragten Pflichtangaben m\u00fcssen vollst\u00e4ndig angegeben werden, anderenfalls kann WiBaSo-Shop die Registrierung ablehnen. Die erfassten Personendaten verwendet WiBaSo-Shop nur zum Zwecke der Nutzung des Online-Shops oder des jeweiligen Angebotes oder Dienstes, f\u00fcr den sich der Kunde registriert hat. Zudem kann WiBaSo-Shop die E-Mail-Adresse des Kunden verwenden, um diesen \u00fcber wichtige \u00c4nderungen, etwa beim Angebotsumfang, oder bei technisch notwendigen \u00c4nderungen zu informieren.<\/span><\/p>\n<p><span>Nach vollst\u00e4ndiger Abwicklung des Vertrages oder nach L\u00f6schung des Kundenkontos werden die Daten des Kunden f\u00fcr die weitere Verarbeitung eingeschr\u00e4nkt und nach Ablauf der steuer- und handelsrechtlichen Aufbewahrungsfristen gel\u00f6scht, sofern der Kunde nicht ausdr\u00fccklich in eine weitere Nutzung der Daten eingewilligt hat oder WiBaSo-Shop sich eine dar\u00fcber hinausgehende Datenverwendung vorbeh\u00e4lt, die gesetzlich erlaubt ist. Die L\u00f6schung des Kundenkontos ist jederzeit m\u00f6glich und kann entweder durch eine Nachricht an die unten angegebene Kontaktangaben (vgl. Ziffer 9 unten) oder \u00fcber eine daf\u00fcr vorgesehene Funktion im Kundenkonto erfolgen.<\/span><\/p>\n<p><span>3 Rechtsgrundlage zum Erfassen und Bearbeiten von Personendaten<\/span><\/p>\n<p><span>Die Rechtsgrundlage f\u00fcr die Erfassung und Bearbeitung der Personendaten des Kunden h\u00e4ngt im Einzelfall vom jeweiligen Zweck der Datenbearbeitung ab. In Frage kommen namentlich:<\/span><\/p>\n<ul>\n<li><span>\u00a7 \u00a0<\/span><span>die Wahrung der berechtigten Interessen von WiBaSo-Shop, sofern die Interessen des Kunden oder Grundrechte oder Grundfreiheiten nicht unangemessen beeintr\u00e4chtigt sind;<\/span><\/li>\n<li><span>\u00a7 \u00a0<\/span><span>der Abschluss oder die Erf\u00fcllung eines Vertrages; oder<\/span><\/li>\n<li><span>\u00a7 \u00a0<\/span><span>Einwilligung des Kunden im Zeitpunkt der Erfassung der Personendaten. Der Kunde kann seine Einwilligung jederzeit widerrufen. Zu diesem Zweck kann der Kunde eine entsprechende Mitteilung an die unten beschriebenen Kontaktangaben senden. Die Rechtm\u00e4ssigkeit der bereits erfolgten Datenbearbeitung bleibt vom Widerruf unber\u00fchrt.<\/span><\/li>\n<\/ul>\n<\/div>\n<\/div>\n<\/div>\n<div class=\"page\" title=\"Page 3\" bis_skin_checked=\"1\">\n<div class=\"layoutArea\" bis_skin_checked=\"1\">\n<div class=\"column\" bis_skin_checked=\"1\">\n<p><span>4 Einsatz von Cookies und Verwendung der Daten<\/span><\/p>\n<\/div>\n<\/div>\n<div class=\"layoutArea\" bis_skin_checked=\"1\">\n<div class=\"column\" bis_skin_checked=\"1\">\n<p><span>4.1 Cookies<\/span><\/p>\n<p><span>Um den Webauftritt f\u00fcr die Kunden laufend zu verbessern, kann WiBaSo-Shop Cookies einsetzen. Cookies sind kleine Software-Informationen, die durch Webbrowser (z.B. Google Chrome, Internet Explorer oder Mozilla Firefox) auf der Computerfestplatte des Kunden abgespeichert werden, um die Nutzung der Webseite zu erleichtern (z.B. Sprachwahl, Warenkorb, etc.).<\/span><\/p>\n<p><span>Einige der von WiBaSo-Shop verwendeten Cookies werden nach Ende der Browser-Sitzung, also nach Schliessen des Webbrowsers, wieder gel\u00f6scht (sog. Sitzungs-Cookies). Andere Cookies verbleiben auf dem Endger\u00e4t und erm\u00f6glichen es WiBaSo-Shop, den Webbrowser des Kunden beim n\u00e4chsten Besuch wiederzuerkennen (sog. persistente Cookies). Die Dauer der Speicherung k\u00f6nnen der \u00dcbersicht in den Cookie-Einstellungen des Webbrowsers entnommen werden.<\/span><\/p>\n<p><span>Die meisten Webbrowser akzeptieren solche Cookies automatisch, jedoch k\u00f6nnen die Webbrowser so konfiguriert werden, dass sie keine Cookies annehmen oder abspeichern. Bei der Deaktivierung von Cookies kann jedoch die Funktionalit\u00e4t der Website eingeschr\u00e4nkt sein. Einzelheiten hierzu sind der Bedienungsanleitung bzw. der Hilfe-Funktion des Webbrowsers zu entnehmen.<\/span><\/p>\n<p><span>4.2 Verwendung der Daten<\/span><\/p>\n<p><span>Die anonymisierten Daten, welche beim Aufruf der WiBaSo-Shop-Webseite mittels Cookies festgehalten werden, k\u00f6nnen zu Webanalysezwecken, zur Optimierung der Webseite und f\u00fcr die Messung der Performance eingesetzt werden. WiBaSo-Shop kann daf\u00fcr Drittanbieter einsetzen, die teilweise eigene Datenschutzregelungen haben, auf welche WiBaSo-Shop keinen Einfluss hat.<\/span><\/p>\n<p><span>WiBaSo-Shop nutzt Funktionen folgender Webanalysedienste:<\/span><\/p>\n<p><span>Google Analytics<\/span><\/p>\n<p><span>Anbieter ist Google Inc., 1600 Amphitheatre Parkway, Mountain View, CA 94043, USA.<\/span><\/p>\n<p><span>Google wertet die Nutzung der Website aus, um Reports \u00fcber die Websiteaktivit\u00e4ten zusammenzustellen und um weitere mit der Websitenutzung und der Internetnutzung verbundene Dienstleistungen gegen\u00fcber WiBaSo-Shop zu erbringen. Die im Rahmen von Google Analytics vom Webbrowser des Kunden \u00fcbermittelte IP-Adresse wird nicht mit anderen Daten von Google zusammengef\u00fchrt.<\/span><\/p>\n<p><span>Die durch Cookies erzeugten Informationen \u00fcber die Benutzung der Website werden in der Regel an einen Server von Google in den USA \u00fcbertragen und dort gespeichert. Google beachtet die Datenschutzbestimmungen des \u00abSwiss-U.S. Privacy Shield\u00bb-Abkommens und hat sich beim US-Handelsministerium f\u00fcr das \u00abSwiss-U.S. Privacy Shield\u00bb registrieren lassen (Informationen zum Swiss-U.S. Privacy Shield finden Sie unter <\/span><a href=\"https:\/\/www.dataprivacyframework.gov\/\" target=\"_blank\" rel=\"noopener\"><span>https:\/\/www.privacyshield.gov\/Swiss-US-Privacy-Shield-FAQs<\/span><\/a><span>).<\/span><\/p>\n<p><span>Weitere Informationen finden Sie in der Datenschutzerkl\u00e4rung von Google unter <\/span><a href=\"https:\/\/support.google.com\/analytics\/answer\/6004245?hl=de\" target=\"_blank\" rel=\"noopener\"><span>https:\/\/support.google.com\/analytics\/answer\/6004245?hl=de<\/span><span>.<\/span><\/a><\/p>\n<\/div>\n<\/div>\n<\/div>\n<div class=\"page\" title=\"Page 4\" bis_skin_checked=\"1\">\n<div class=\"layoutArea\" bis_skin_checked=\"1\">\n<div class=\"column\" bis_skin_checked=\"1\">\n<p><span>Google AdWords und Google Conversion-Tracking<\/span><\/p>\n<p><span>Anbieter ist Google Inc., 1600 Amphitheatre Parkway, Mountain View, CA 94043, USA.<\/span><\/p>\n<p><span>Im Rahmen von Google AdWords nutzt WiBaSo-Shop das so genannte Conversion-Tracking. Wenn der Kunde auf eine von Google geschaltete Anzeige klicken, wird ein Cookie f\u00fcr das Conversion-Tracking gesetzt. Diese Cookies verlieren sp\u00e4testens nach 30 Tagen ihre G\u00fcltigkeit und dienen nicht zur Identifizierung des Kunden. Wenn der Kunde Website von WiBaSo-Shop besucht und das Cookie noch nicht abgelaufen ist, k\u00f6nnen Google und WiBaSo-Shop erkennen, dass der Kunde auf die Anzeige geklickt hat und zu dieser Seite weitergeleitet wurde.<\/span><\/p>\n<p><span>WiBaSo-Shop erf\u00e4hrt von Google die Gesamtanzahl der Nutzer, die auf die Anzeige geklickt haben und zu mit einem Conversion-Tracking-Tag versehenen Website weitergeleitet wurden. WiBaSo-Shop erh\u00e4lt jedoch keine Informationen, mit denen der Kunde pers\u00f6nlich identifiziert werden kann.<\/span><\/p>\n<p><span>Weitere Informationen finden Sie in der Datenschutzerkl\u00e4rung von Google unter <\/span><a href=\"https:\/\/www.google.de\/policies\/privacy\/\" target=\"_blank\" rel=\"noopener\"><span>https:\/\/www.google.de\/policies\/privacy\/<\/span><\/a><span>.<\/span><\/p>\n<p><span>Google Maps<\/span><\/p>\n<p><span>Anbieter ist Google Ireland Limited, Gordon House, Barrow Street, Dublin 4, Irland.<\/span><\/p>\n<p><span>WiBaSo-Shop verwendet Google Maps zur visuellen Darstellung von geographischen Informationen. Bei der Verwendung von Google Maps werden von Google Daten \u00fcber die Nutzung der Maps-Funktionen durch Webseitenbesucher \u00fcbermittelt bzw. verarbeitet, wozu insbesondere die IP-Adresse sowie Standortdaten geh\u00f6ren k\u00f6nnen. WiBaSo-Shop hat keinen Einfluss auf diese Datenverarbeitung.<\/span><\/p>\n<p><span>Soweit Informationen auf Server von Google in den USA \u00fcbertragen und dort gespeichert werden, ist die amerikanische Gesellschaft Google LLC unter dem \u00abSwiss-U.S. Privacy Shield\u00bb zertifiziert.<\/span><\/p>\n<p><span>Um den Service von Google Maps zu deaktivieren und damit die Daten\u00fcbermittlung an Google zu verhindern, muss ein Kunde die Java-Script-Funktion im Webbrowser deaktivieren. In diesem Fall kann Google Maps nicht bzw. nur eingeschr\u00e4nkt genutzt werden.<\/span><\/p>\n<p><span>Weitere Informationen finden Sie in der Datenschutzerkl\u00e4rung von Google unter <\/span><a href=\"https:\/\/www.google.com\/intl\/de_de\/help\/terms_maps\/\" target=\"_blank\" rel=\"noopener\"><span>https:\/\/www.google.com\/intl\/de_de\/help\/terms_maps\/<\/span><\/a><span>.<\/span><\/p>\n<p><span>4.3 Social-Media Content<\/span><\/p>\n<p><span>WiBaSo-Shop kann auf der Webseite Social Media Plugins von sozialen Netzwerken, wie z.B. von Facebook, Instagram oder Twitter verwenden.<\/span><\/p>\n<p><span>Wenn der Kunde eine Webseite aufruft, die ein solches Plugin enth\u00e4lt, stellt der Webbrowser eine direkte Verbindung zu den Servern des jeweiligen sozialen Netzwerks her. Der Inhalt des Plugins wird vom jeweiligen Anbieter direkt an den Webbrowser \u00fcbermittelt und in die Seite eingebunden. Durch die Einbindung der Plugins erhalten die Anbieter die Information, dass der Webbrowser des Kunden die entsprechende Webseite von WiBaSo-Shop aufgerufen hat, auch wenn der Kunde kein Profil beim entsprechenden sozialen Netzwerk besitzt oder gerade nicht eingeloggt ist. Diese Information (einschlie\u00dflich der IP-Adresse) wird vom Webbrowser des Kunden direkt an einen Server des jeweiligen Anbieters (ggf. in die USA) \u00fcbermittelt und<\/span><\/p>\n<\/div>\n<\/div>\n<\/div>\n<div class=\"page\" title=\"Page 5\" bis_skin_checked=\"1\">\n<div class=\"layoutArea\" bis_skin_checked=\"1\">\n<div class=\"column\" bis_skin_checked=\"1\">\n<p><span>dort gespeichert. Ist der Kunde bei einem der Dienste eingeloggt, k\u00f6nnen die Anbieter des sozialen Netzwerks den Besuch auf der Webseite von WiBaSo-Shop dem Profil in dem jeweiligen sozialen Netzwerk unmittelbar zuordnen. Wenn der Kunde mit den Plugins interagiert, zum Beispiel den \u201eLike\u201c- oder den \u201eShare\u201c-Button bet\u00e4tigt, wird die entsprechende Information ebenfalls direkt an einen Server der Anbieter \u00fcbermittelt und dort gespeichert. Die Informationen werden au\u00dferdem in dem sozialen Netzwerk ver\u00f6ffentlicht und dort den Kontakten des Kunden angezeigt.<\/span><\/p>\n<p><span>Diese sozialen Netzwerkplattformen haben eigene Datenschutzregelungen, auf welche WiBaSo-Shop keinen Einfluss hat.<\/span><\/p>\n<p><span>Zweck und Umfang der Datenerhebung und die weitere Verarbeitung und Nutzung der Daten durch die Anbieter auf deren Seiten sowie eine Kontaktm\u00f6glichkeit und die diesbez\u00fcglichen Rechte der Kunden und Einstellungsm\u00f6glichkeiten zum Schutz der Privatsph\u00e4re sind Datenschutzhinweisen der Anbieter zu entnehmen:<\/span><\/p>\n<p><span><a href=\"https:\/\/www.facebook.com\/policy.php%20https:\/\/twitter.com\/de\/privacy\" target=\"_blank\" rel=\"noopener\">https:\/\/www.facebook.com\/policy.php https:\/\/twitter.com\/de\/privacy<\/a> <a href=\"https:\/\/www.facebook.com\/policy.php%20https:\/\/twitter.com\/de\/privacy\" target=\"_blank\" rel=\"noopener\">https:\/\/help.instagram.com\/155833707900388<\/a><\/span><\/p>\n<p><span>W\u00fcnscht der Kunde, dass keine dieser Plugins geladen werden, wird empfohlen, sich vom entsprechenden sozialen Netzwerken auszuloggen. Des Weiteren k\u00f6nnen verschiedene Webbrowser so eingestellt oder mit Add-Ons (z.B. Facebook-Blocker) erg\u00e4nzt werden, dass die Social-Media-Plugins nicht geladen werden.<\/span><\/p>\n<p><span>5 Newsletter<\/span><\/p>\n<p><span>Wenn der Kunde einen von WiBaSo-Shop angebotenen Newsletter beziehen m\u00f6chten, ben\u00f6tigt WiBaSo-Shop eine E-Mail-Adresse des Kunden und sonstige Informationen, welche die \u00dcberpr\u00fcfung gestatten, dass der Kunde der Inhaber der angegebenen E-Mail-Adresse ist und mit dem Empfang des Newsletters einverstanden ist (sog. \u00abdouble-opt-in\u00bb Verfahren). Wenn der Kunde sich als registrierter Kunde f\u00fcr einen Newsletter anmelden m\u00f6chte, kann er die Einwilligung dazu im Zeitpunkt der Registrierung erteilen oder sp\u00e4ter \u00fcber die Anmeldefunktion im Kundenkonto vornehmen.<\/span><\/p>\n<p><span>Mit dem Newsletter erh\u00e4lt der Kunde regelm\u00e4ssig Empfehlungen und Angebote, die diesen interessieren k\u00f6nnte. Dazu erhebt und bearbeitet WiBaSo-Shop Personendaten betreffend das Nutzungsverhalten des Kunden auf der Website, den Bestellungen bei WiBaSo-Shop sowie dar\u00fcber, wie der Kunde den Newsletter nutzt (z.B. ob der Newsletter ge\u00f6ffnet wird oder auf welche Web-URL-Links geklickt wird). WiBaSo-Shop kann diese Daten f\u00fcr statistische Zwecke auswerten, um den Inhalt der Newsletter besser auf die Interessen der Kunden abzustimmen.<\/span><\/p>\n<p><span>Die Bearbeitung der in das Newsletter-Anmeldeformular eingegebenen Personendaten erfolgt, gest\u00fctzt auf die Einwilligung des Kunden, welche dieser jederzeit f\u00fcr die Zukunft widerrufen kann. Der Widerruf erfolgt entweder \u00fcber den \u00abAustragen\u00bb-Link im Newsletter, schriftliche Mitteilung des Kunden an WiBaSo-Shop an die unten aufgef\u00fchrte Adresse oder die Abmeldung im Kundenkonto. Die erhobenen Personendaten verwendet WiBaSo-Shop f\u00fcr die<\/span><\/p>\n<\/div>\n<\/div>\n<\/div>\n<div class=\"page\" title=\"Page 6\" bis_skin_checked=\"1\">\n<div class=\"layoutArea\" bis_skin_checked=\"1\">\n<div class=\"column\" bis_skin_checked=\"1\">\n<p><span>inhaltliche Gestaltung und den Versand der Newsletter. Es erfolgt keine Weitergabe an Dritte f\u00fcr eigene (Werbe-) Zwecke.<\/span><\/p>\n<p><span>WiBaSo-Shop speichert die vom Kunden zum Zwecke des Newsletter-Bezugs hinterlegten Personendaten, bis sich der Kunde vom Newsletter wieder abmeldet.<\/span><\/p>\n<p><span>6 Weitergabe Ihrer Daten<\/span><\/p>\n<p><span>WiBaSo-Shop wird die personenbezogenen Daten von Kunden gegen\u00fcber Dritten nicht offenlegen. Ausgenommen davon ist, wenn der Kunde der Weitergabe der Daten an Unternehmen, die nicht mit WiBaSo-Shop verbunden sind, zugestimmt hat oder wenn WiBaSo-Shop hierzu gesetzlich, beh\u00f6rdlich oder gerichtlich verpflichtet wird. Ausserdem wenn Dienstleister, welche WiBaSo-Shop in der Datenverarbeitung, der Verwaltung der Webseite oder auf sonstige Weise sowie bei der Erbringung der vom Kunden angeforderten Produkte und Dienstleistungen unterst\u00fctzen, beigezogen werden (z.B. Paket- oder Newsletterversanddienstleister). Diese Dritten werden verpflichtet, das gleiche Mass an Sicherheit und Datenschutz einzuhalten, wie WiBaSo-Shop.<\/span><\/p>\n<p><span>7 Datensicherheit<\/span><\/p>\n<p><span>Die \u00dcbermittlung von Daten \u00fcber das Internet ist leider nicht absolut sicher. WiBaSo-Shop arbeitet mit Dienstleistern und Internetanbietern zusammen, welche angemessene technische und organisatorische Sicherheitsvorkehrungen treffen, um die personenbezogenen Daten der Kunden zu sch\u00fctzen. WiBaSo-Shop kann jedoch keine Garantie f\u00fcr die Sicherheit der vom Kunden \u00fcbermittelten Daten \u00fcbernehmen. Jede Daten\u00fcbertragung erfolgt daher auf eigenes Risiko.<\/span><\/p>\n<p><span>8 Ihre Informations- und Widerrufsrechte<\/span><\/p>\n<p><span>Selbstverst\u00e4ndlich steht es jedem Kunden frei, WiBaSo-Shop jederzeit \u2013 beispielsweise in einer E-Mail \u2013 mitzuteilen, dass die personenbezogenen Daten zuk\u00fcnftig nicht zur Kontaktaufnahme verwendet werden sollen. Auch die Teilnahme an den besonderen Services der WiBaSo-Shop-Webseite, wie dem Newsletter-Service, kann jederzeit widerrufen werden.<\/span><\/p>\n<p><span>Zus\u00e4tzlich besteht die M\u00f6glichkeit, Informationen zur Verarbeitung der Daten einzuholen oder eine Kopie der personenbezogenen Daten, welche \u00fcber die WiBaSo-Shop-Webseite erhoben wurden, zu verlangen.<\/span><\/p>\n<p><span>9 Kontakt<\/span><\/p>\n<p><span>Bei Fragen zu dieser Datenschutzerkl\u00e4rung oder dem Datenschutz bei WiBaSo-Shop kann sich ein Kunde unter nachfolgenden Kontaktangaben an WiBaSo-Shop wenden:<\/span><\/p>\n<p><span>Widmer Bar Solutions WiBaSo-Shop<br \/>Luca Widmer Bahnhofstrasse 75 4125 Riehen info@wibaso.ch<\/span><\/p>\n<\/div>\n<\/div>\n<\/div>\n<div class=\"page\" title=\"Page 7\" bis_skin_checked=\"1\">\n<div class=\"layoutArea\" bis_skin_checked=\"1\">\n<div class=\"column\" bis_skin_checked=\"1\">\n<p><span>10 Schlussbestimmungen<\/span><\/p>\n<p><span>Sollten sich einzelne Bestimmungen oder Teile dieser Datenschutzbestimmungen als nichtig oder unwirksam erweisen, so wird dadurch die G\u00fcltigkeit der Datenschutzbestimmungen im \u00dcbrigen nicht ber\u00fchrt.<\/span><\/p>\n<p><span>Der Gerichtsstand und das anwendbare Recht richten sich nach den AGB (&gt;Link AGB). (Version 21.02.2020)<\/span><\/p>\n<\/div>\n<\/div>\n<\/div>\n<p>[\/et_pb_text][et_pb_button button_url=&#8221;https:\/\/www.wibaso.ch\/wordpress&#8221; button_text=&#8221;Back&#8221; button_alignment=&#8221;center&#8221; _builder_version=&#8221;4.24.0&#8243; _module_preset=&#8221;default&#8221; custom_button=&#8221;on&#8221; button_text_size=&#8221;20px&#8221; button_text_color=&#8221;#FFFFFF&#8221; button_bg_color=&#8221;#000000&#8243; button_border_width=&#8221;1px&#8221; button_border_radius=&#8221;50px&#8221; button_font=&#8221;Poppins||||||||&#8221; button_icon=&#8221;&#x23;||divi||400&#8243; button_icon_placement=&#8221;left&#8221; button_on_hover=&#8221;off&#8221; custom_margin=&#8221;50px||||false|false&#8221; custom_margin_tablet=&#8221;50px||||false|false&#8221; custom_margin_phone=&#8221;50px||||false|false&#8221; custom_margin_last_edited=&#8221;on|desktop&#8221; custom_padding=&#8221;|50px||50px|false|true&#8221; hover_enabled=&#8221;0&#8243; global_colors_info=&#8221;{}&#8221; button_bg_color__hover_enabled=&#8221;on|hover&#8221; sticky_enabled=&#8221;0&#8243; button_bg_color__hover=&#8221;#FFFFFF&#8221; button_bg_enable_color__hover=&#8221;on&#8221; button_text_color__hover_enabled=&#8221;on|desktop&#8221; button_text_color__hover=&#8221;#000000&#8243; button_border_width_last_edited=&#8221;off|desktop&#8221; button_border_width__hover_enabled=&#8221;on|desktop&#8221; button_border_width__hover=&#8221;1px&#8221; button_border_color_last_edited=&#8221;off|desktop&#8221; button_border_color__hover_enabled=&#8221;on|hover&#8221; button_border_color__hover=&#8221;#000000&#8243;][\/et_pb_button][\/et_pb_column][\/et_pb_row][\/et_pb_section]<\/p>\n","protected":false},"excerpt":{"rendered":"<p>Datenschutzbestimmungen von Widmer Bar Solutions 1 Die Sicherheit der Nutzerdaten steht an erster Stelle WiBaSo-Shop respektiert die Privatsph\u00e4re aller Nutzer der Webseite bzw. des Online-Shops (nachfolgend \u201cder Kunde\u201d bzw. \u201cdie Kunden\u201d genannt). Diese Datenschutzbestimmungen bilden die Grundlage f\u00fcr die Bearbeitung der personenbezogenen Daten und geben Aufschluss, welche Art von Nutzerdaten von Kunden durch WiBaSo-Shop gesammelt [&hellip;]<\/p>\n","protected":false},"author":1,"featured_media":0,"parent":0,"menu_order":0,"comment_status":"closed","ping_status":"closed","template":"","meta":{"_et_pb_use_builder":"on","_et_pb_old_content":"","_et_gb_content_width":"","footnotes":""},"class_list":["post-20","page","type-page","status-publish","hentry"],"_links":{"self":[{"href":"https:\/\/www.wibaso.ch\/wordpress\/wp-json\/wp\/v2\/pages\/20","targetHints":{"allow":["GET"]}}],"collection":[{"href":"https:\/\/www.wibaso.ch\/wordpress\/wp-json\/wp\/v2\/pages"}],"about":[{"href":"https:\/\/www.wibaso.ch\/wordpress\/wp-json\/wp\/v2\/types\/page"}],"author":[{"embeddable":true,"href":"https:\/\/www.wibaso.ch\/wordpress\/wp-json\/wp\/v2\/users\/1"}],"replies":[{"embeddable":true,"href":"https:\/\/www.wibaso.ch\/wordpress\/wp-json\/wp\/v2\/comments?post=20"}],"version-history":[{"count":9,"href":"https:\/\/www.wibaso.ch\/wordpress\/wp-json\/wp\/v2\/pages\/20\/revisions"}],"predecessor-version":[{"id":215,"href":"https:\/\/www.wibaso.ch\/wordpress\/wp-json\/wp\/v2\/pages\/20\/revisions\/215"}],"wp:attachment":[{"href":"https:\/\/www.wibaso.ch\/wordpress\/wp-json\/wp\/v2\/media?parent=20"}],"curies":[{"name":"wp","href":"https:\/\/api.w.org\/{rel}","templated":true}]}}